{"id":263,"date":"2024-10-12T18:07:47","date_gmt":"2024-10-12T18:07:47","guid":{"rendered":"https:\/\/camo.whshost.com\/wordpress\/index.php\/contact\/"},"modified":"2024-11-05T15:50:42","modified_gmt":"2024-11-05T15:50:42","slug":"contact","status":"publish","type":"page","link":"https:\/\/camo.whshost.com\/wordpress\/contact\/","title":{"rendered":"Contact"},"content":{"rendered":"\n<div class=\"wp-block-uagb-container uagb-block-8ecd5811 alignfull uagb-is-root-container\"><div class=\"uagb-container-inner-blocks-wrap\">\n<div class=\"wp-block-uagb-advanced-heading uagb-block-13f2e88a\"><h1 class=\"uagb-heading-text\">Skontaktuj si\u0119 z nami<\/h1><\/div>\n<\/div><\/div>\n\n\n\n<div class=\"wp-block-uagb-container uagb-layout-grid uagb-block-1f7771c3 alignfull uagb-is-root-container\"><div class=\"uagb-container-inner-blocks-wrap\">\n<div class=\"wp-block-uagb-container uagb-block-eab9cc28\">\n<div class=\"wp-block-uagb-advanced-heading uagb-block-50fe1be9\"><p class=\"uagb-desc-text\">Kontakt<\/p><h2 class=\"uagb-heading-text\">Skontaktuj si\u0119 z Grup\u0105 Teatraln\u0105 Miraculum<\/h2><\/div>\n\n\n\n<div class=\"wp-block-uagb-forms uagb-forms__outer-wrap uagb-block-f3c41c19 uagb-forms__medium-btn\"><form class=\"uagb-forms-main-form\" method=\"post\" autocomplete=\"on\" name=\"uagb-form-f3c41c19\">\n<div class=\"wp-block-uagb-forms-name uagb-forms-name-wrap uagb-forms-field-set uagb-block-cc41c53c\"><div class=\"uagb-forms-name-label required uagb-forms-input-label\" id=\"cc41c53c\">First Name<\/div><input type=\"text\" placeholder=\"Jan\" required class=\"uagb-forms-name-input uagb-forms-input\" name=\"cc41c53c\" autocomplete=\"given-name\"\/><\/div>\n\n\n\n<div class=\"wp-block-uagb-forms-email uagb-forms-email-wrap uagb-forms-field-set uagb-block-53b2bb3f\"><div class=\"uagb-forms-email-label  uagb-forms-input-label\" id=\"53b2bb3f\">Email<\/div><input type=\"email\" class=\"uagb-forms-email-input uagb-forms-input\" placeholder=\"przyk\u0142ad@mail.com\" name=\"53b2bb3f\" autocomplete=\"email\"\/><\/div>\n\n\n\n<div class=\"wp-block-uagb-forms-textarea uagb-forms-textarea-wrap uagb-forms-field-set uagb-block-74a4eece\"><div class=\"uagb-forms-textarea-label required uagb-forms-input-label\" id=\"74a4eece\">Message<\/div><textarea required class=\"uagb-forms-textarea-input uagb-forms-input\" rows=\"6\" placeholder=\"Wprowad\u017a swoj\u0105 wiadomo\u015b\u0107\" name=\"74a4eece\" autocomplete=\"off\"><\/textarea><\/div>\n<div class=\"uagb-forms-form-hidden-data\"><input type=\"hidden\" class=\"uagb_forms_form_label\" value=\"Spectra Form\"\/><input type=\"hidden\" class=\"uagb_forms_form_id\" value=\"uagb-form-f3c41c19\"\/><\/div><div class=\"uagb-form-reacaptcha-error-f3c41c19\"><\/div><div class=\"uagb-forms-main-submit-button-wrap wp-block-button\"><button class=\"uagb-forms-main-submit-button wp-block-button__link\"><div class=\"uagb-forms-main-submit-button-text\">Wy\u015blij<\/div><\/button><\/div><\/form><div class=\"uagb-forms-success-message-f3c41c19 uagb-forms-submit-message-hide\"><span>The form has been submitted successfully!<\/span><\/div><div class=\"uagb-forms-failed-message-f3c41c19 uagb-forms-submit-message-hide\"><span>There has been some error while submitting the form. Please verify all form fields again.<\/span><\/div><\/div>\n<\/div>\n\n\n\t\t\t<div \n\t\t\tclass=\"wp-block-uagb-google-map uagb-google-map__wrap uagb-block-591e0cf0     \"\n\t\t\tstyle=\"\" >\n\t\t\t\t<embed\n\t\t\t\t\tclass=\"uagb-google-map__iframe\"\n\t\t\t\t\ttitle=\"Mapa Google dla \"\n\t\t\t\t\tsrc=\"https:\/\/maps.google.com\/maps?q=Szkolna%203%2C%2042-512%20Sarn%C3%B3w&#038;z=12&#038;hl=en&#038;t=m&#038;output=embed&#038;iwloc=near\"\n\t\t\t\t\twidth=\"640\"\n\t\t\t\t\theight=\"500\"\n\t\t\t\t\tloading=\"lazy\"\n\t\t\t\t><\/embed>\n\t\t\t<\/div>\n\t\t\t<\/div><\/div>\n\n\n\n<div class=\"wp-block-uagb-container uagb-block-79fc426d alignfull uagb-is-root-container\"><div class=\"uagb-container-inner-blocks-wrap\">\n<div class=\"wp-block-uagb-container uagb-block-95e6e5e2\">\n<div class=\"wp-block-uagb-advanced-heading uagb-block-7a9f7d62\"><h3 class=\"uagb-heading-text\"><s>Psary Office<\/s><\/h3><\/div>\n\n\n\n<div class=\"wp-block-uagb-icon-list uagb-block-ad92aeb1\"><div class=\"uagb-icon-list__wrap\">\n<div class=\"wp-block-uagb-icon-list-child uagb-block-3db3da08\"><span class=\"uagb-icon-list__label\">web.elpulpo@gmail.com<\/span><\/div>\n\n\n\n<div class=\"wp-block-uagb-icon-list-child uagb-block-75293b42\"><span class=\"uagb-icon-list__label\">505782854<\/span><\/div>\n\n\n\n<div class=\"wp-block-uagb-icon-list-child uagb-block-57253204\"><span class=\"uagb-icon-list__label\">Szkolna 3, 42-512 Sarn\u00f3w<\/span><\/div>\n<\/div><\/div>\n<\/div>\n\n\n\n<div class=\"wp-block-uagb-container uagb-block-b64b7115\">\n<div class=\"wp-block-uagb-advanced-heading uagb-block-30ec2a63\"><h3 class=\"uagb-heading-text\"><s>Sarn\u00f3w Office<\/s><\/h3><\/div>\n\n\n\n<div class=\"wp-block-uagb-icon-list uagb-block-b5e13d14\"><div class=\"uagb-icon-list__wrap\">\n<div class=\"wp-block-uagb-icon-list-child uagb-block-673d3369\"><span class=\"uagb-icon-list__label\">web.elpulpo@gmail.com<\/span><\/div>\n\n\n\n<div class=\"wp-block-uagb-icon-list-child uagb-block-db5cd75a\"><span class=\"uagb-icon-list__label\">505782854<\/span><\/div>\n\n\n\n<div class=\"wp-block-uagb-icon-list-child uagb-block-ee5c4a42\"><span class=\"uagb-icon-list__label\">Szkolna 3, 42-512 Sarn\u00f3w<\/span><\/div>\n<\/div><\/div>\n<\/div>\n\n\n\n<div class=\"wp-block-uagb-container uagb-block-2f679a96\">\n<div class=\"wp-block-uagb-advanced-heading uagb-block-c33f8b1b\"><h3 class=\"uagb-heading-text\">Teatr Office<\/h3><\/div>\n\n\n\n<div class=\"wp-block-uagb-icon-list uagb-block-eae25ba4\"><div class=\"uagb-icon-list__wrap\">\n<div class=\"wp-block-uagb-icon-list-child uagb-block-218fd9ce\"><span class=\"uagb-icon-list__label\">sarnow@gok.psary.pl<\/span><\/div>\n\n\n\n<div class=\"wp-block-uagb-icon-list-child uagb-block-e11818fe\"><span class=\"uagb-icon-list__label\">667-214-314<\/span><\/div>\n\n\n\n<div class=\"wp-block-uagb-icon-list-child uagb-block-415d9257\"><span class=\"uagb-icon-list__label\">Szkolna 3, 42-512 Sarn\u00f3w<\/span><\/div>\n<\/div><\/div>\n<\/div>\n<\/div><\/div>\n","protected":false},"excerpt":{"rendered":"<p>Skontaktuj si\u0119 z nami Kontakt Skontaktuj si\u0119 z Grup\u0105 Teatraln\u0105 Miraculum Psary Office Sarn\u00f3w Office Teatr Office<\/p>\n","protected":false},"author":1,"featured_media":0,"parent":0,"menu_order":0,"comment_status":"closed","ping_status":"closed","template":"","meta":{"_uag_custom_page_level_css":"","site-sidebar-layout":"default","site-content-layout":"","ast-site-content-layout":"default","site-content-style":"default","site-sidebar-style":"default","ast-global-header-display":"","ast-banner-title-visibility":"","ast-main-header-display":"","ast-hfb-above-header-display":"","ast-hfb-below-header-display":"","ast-hfb-mobile-header-display":"","site-post-title":"disabled","ast-breadcrumbs-content":"","ast-featured-img":"","footer-sml-layout":"","ast-disable-related-posts":"","theme-transparent-header-meta":"","adv-header-id-meta":"","stick-header-meta":"","header-above-stick-meta":"","header-main-stick-meta":"","header-below-stick-meta":"","astra-migrate-meta-layouts":"default","ast-page-background-enabled":"default","ast-page-background-meta":{"desktop":{"background-color":"var(--ast-global-color-5)","background-image":"","background-repeat":"repeat","background-position":"center center","background-size":"auto","background-attachment":"scroll","background-type":"","background-media":"","overlay-type":"","overlay-color":"","overlay-opacity":"","overlay-gradient":""},"tablet":{"background-color":"","background-image":"","background-repeat":"repeat","background-position":"center center","background-size":"auto","background-attachment":"scroll","background-type":"","background-media":"","overlay-type":"","overlay-color":"","overlay-opacity":"","overlay-gradient":""},"mobile":{"background-color":"","background-image":"","background-repeat":"repeat","background-position":"center center","background-size":"auto","background-attachment":"scroll","background-type":"","background-media":"","overlay-type":"","overlay-color":"","overlay-opacity":"","overlay-gradient":""}},"ast-content-background-meta":{"desktop":{"background-color":"var(--ast-global-color-4)","background-image":"","background-repeat":"repeat","background-position":"center center","background-size":"auto","background-attachment":"scroll","background-type":"","background-media":"","overlay-type":"","overlay-color":"","overlay-opacity":"","overlay-gradient":""},"tablet":{"background-color":"var(--ast-global-color-4)","background-image":"","background-repeat":"repeat","background-position":"center center","background-size":"auto","background-attachment":"scroll","background-type":"","background-media":"","overlay-type":"","overlay-color":"","overlay-opacity":"","overlay-gradient":""},"mobile":{"background-color":"var(--ast-global-color-4)","background-image":"","background-repeat":"repeat","background-position":"center center","background-size":"auto","background-attachment":"scroll","background-type":"","background-media":"","overlay-type":"","overlay-color":"","overlay-opacity":"","overlay-gradient":""}},"footnotes":""},"class_list":["post-263","page","type-page","status-publish","hentry"],"uagb_featured_image_src":{"full":false,"thumbnail":false,"medium":false,"medium_large":false,"large":false,"1536x1536":false,"2048x2048":false},"uagb_author_info":{"display_name":"admin","author_link":"https:\/\/camo.whshost.com\/wordpress\/author\/admin_6fh2zen0\/"},"uagb_comment_info":0,"uagb_excerpt":"Skontaktuj si\u0119 z nami Kontakt Skontaktuj si\u0119 z Grup\u0105 Teatraln\u0105 Miraculum Psary Office Sarn\u00f3w Office Teatr Office","_links":{"self":[{"href":"https:\/\/camo.whshost.com\/wordpress\/wp-json\/wp\/v2\/pages\/263","targetHints":{"allow":["GET"]}}],"collection":[{"href":"https:\/\/camo.whshost.com\/wordpress\/wp-json\/wp\/v2\/pages"}],"about":[{"href":"https:\/\/camo.whshost.com\/wordpress\/wp-json\/wp\/v2\/types\/page"}],"author":[{"embeddable":true,"href":"https:\/\/camo.whshost.com\/wordpress\/wp-json\/wp\/v2\/users\/1"}],"replies":[{"embeddable":true,"href":"https:\/\/camo.whshost.com\/wordpress\/wp-json\/wp\/v2\/comments?post=263"}],"version-history":[{"count":5,"href":"https:\/\/camo.whshost.com\/wordpress\/wp-json\/wp\/v2\/pages\/263\/revisions"}],"predecessor-version":[{"id":431,"href":"https:\/\/camo.whshost.com\/wordpress\/wp-json\/wp\/v2\/pages\/263\/revisions\/431"}],"wp:attachment":[{"href":"https:\/\/camo.whshost.com\/wordpress\/wp-json\/wp\/v2\/media?parent=263"}],"curies":[{"name":"wp","href":"https:\/\/api.w.org\/{rel}","templated":true}]}}