{"id":261,"date":"2024-10-12T18:07:47","date_gmt":"2024-10-12T18:07:47","guid":{"rendered":"https:\/\/camo.whshost.com\/wordpress\/index.php\/services\/"},"modified":"2024-11-05T17:10:36","modified_gmt":"2024-11-05T17:10:36","slug":"services","status":"publish","type":"page","link":"https:\/\/camo.whshost.com\/wordpress\/services\/","title":{"rendered":"Services"},"content":{"rendered":"\n<div class=\"wp-block-uagb-container uagb-block-8ecd5811 alignfull uagb-is-root-container\"><div class=\"uagb-container-inner-blocks-wrap\">\n<div class=\"wp-block-uagb-advanced-heading uagb-block-13f2e88a\"><h1 class=\"uagb-heading-text\">Teatr dla Pasjonat\u00f3w &#8211; Amator\u00f3w<\/h1><\/div>\n<\/div><\/div>\n\n\n\n<div class=\"wp-block-uagb-container uagb-block-ed6f13b8 alignfull uagb-is-root-container\"><div class=\"uagb-container-inner-blocks-wrap\">\n<div class=\"wp-block-uagb-advanced-heading uagb-block-50fe1be9\"><h2 class=\"uagb-heading-text\"><s>Oferujemy r\u00f3\u017cnorodne us\u0142ugi teatralne dla ka\u017cdego<\/s><\/h2><\/div>\n\n\n\n<div class=\"wp-block-uagb-container uagb-layout-grid uagb-block-c13f2f91\">\n<div class=\"wp-block-uagb-container uagb-block-f3bdc06a\">\n<div class=\"wp-block-uagb-image uagb-block-b33e1859 wp-block-uagb-image--layout-default wp-block-uagb-image--effect-static wp-block-uagb-image--align-none\"><figure class=\"wp-block-uagb-image__figure\"><img decoding=\"async\" srcset=\"https:\/\/camo.whshost.com\/wordpress\/wp-content\/uploads\/2024\/10\/pexels-photo-3470602.jpeg ,https:\/\/camo.whshost.com\/wordpress\/wp-content\/uploads\/2024\/10\/pexels-photo-3470602.jpeg 780w, https:\/\/camo.whshost.com\/wordpress\/wp-content\/uploads\/2024\/10\/pexels-photo-3470602.jpeg 360w\" sizes=\"auto, (max-width: 480px) 150px\" src=\"https:\/\/camo.whshost.com\/wordpress\/wp-content\/uploads\/2024\/10\/pexels-photo-3470602.jpeg\" alt=\"\" class=\"uag-image-14\" width=\"374\" height=\"240\" title=\"service-01\" loading=\"lazy\" role=\"img\"\/><\/figure><\/div>\n\n\n\n<div class=\"wp-block-uagb-advanced-heading uagb-block-2d5baa62\"><h3 class=\"uagb-heading-text\">Nasza historia<\/h3><p class=\"uagb-desc-text\">Teatr Miraculum powsta\u0142 w pa\u017adzierniku 2023r. z inicjatywy Miros\u0142awy Toll-Wnentrzak, dzi\u0119ki przychylno\u015bci Pani Dyrektor GOK Psary Lidii \u015aciwiarskiej mamy mo\u017cliwo\u015b\u0107 realizowa\u0107 swoje pasje i rozwija\u0107 warsztat aktorski. Po utworzeniu grupy rozpocz\u0119li\u015bmy prac\u0119 nad spektaklem Moralno\u015b\u0107 Pani Dulskiej wg Gabrieli Zapolskiej. Premiera naszego pierwszego przedstawienia odby\u0142a si\u0119 w kwietniu 2024r. w Centrum Us\u0142ug Spo\u0142ecznych w Strzy\u017cowicach &#8211; Gmina Psary. <s>Nasze warsztaty aktorskie s\u0105 prowadzone przez do\u015bwiadczonych instruktor\u00f3w i skierowane do doros\u0142ych pasjonat\u00f3w, kt\u00f3rzy pragn\u0105 doskonali\u0107 swoje umiej\u0119tno\u015bci.<\/s><\/p><\/div>\n\n\n\n<div class=\"wp-block-uagb-image uagb-block-c2e3f884 wp-block-uagb-image--layout-default wp-block-uagb-image--effect-static wp-block-uagb-image--align-none\"><figure class=\"wp-block-uagb-image__figure\"><img decoding=\"async\" srcset=\"https:\/\/camo.whshost.com\/wordpress\/wp-content\/uploads\/2024\/10\/pexels-photo-5135103.jpeg ,https:\/\/camo.whshost.com\/wordpress\/wp-content\/uploads\/2024\/10\/pexels-photo-5135103.jpeg 780w, https:\/\/camo.whshost.com\/wordpress\/wp-content\/uploads\/2024\/10\/pexels-photo-5135103.jpeg 360w\" sizes=\"auto, (max-width: 480px) 150px\" src=\"https:\/\/camo.whshost.com\/wordpress\/wp-content\/uploads\/2024\/10\/pexels-photo-5135103.jpeg\" alt=\"\" class=\"uag-image-15\" width=\"374\" height=\"420\" title=\"service-04\" loading=\"lazy\" role=\"img\"\/><\/figure><\/div>\n\n\n\n<div class=\"wp-block-uagb-advanced-heading uagb-block-e199cdcf\"><h3 class=\"uagb-heading-text\">Przedstawienia teatralne<\/h3><p class=\"uagb-desc-text\">Nasze przedstawienia anga\u017cuj\u0105 zar\u00f3wno uczestnik\u00f3w, jak i widz\u00f3w, oferuj\u0105c r\u00f3\u017cnorodne formy artystyczne na najwy\u017cszym poziomie.<\/p><\/div>\n<\/div>\n\n\n\n<div class=\"wp-block-uagb-container uagb-block-0ed285ce\">\n<div class=\"wp-block-uagb-image uagb-block-306f0dee wp-block-uagb-image--layout-default wp-block-uagb-image--effect-static wp-block-uagb-image--align-none\"><figure class=\"wp-block-uagb-image__figure\"><img decoding=\"async\" srcset=\"https:\/\/camo.whshost.com\/wordpress\/wp-content\/uploads\/2024\/10\/pexels-photo-5135109.jpeg ,https:\/\/camo.whshost.com\/wordpress\/wp-content\/uploads\/2024\/10\/pexels-photo-5135109.jpeg 780w, https:\/\/camo.whshost.com\/wordpress\/wp-content\/uploads\/2024\/10\/pexels-photo-5135109.jpeg 360w\" sizes=\"auto, (max-width: 480px) 150px\" src=\"https:\/\/camo.whshost.com\/wordpress\/wp-content\/uploads\/2024\/10\/pexels-photo-5135109.jpeg\" alt=\"\" class=\"uag-image-16\" width=\"374\" height=\"420\" title=\"service-02\" loading=\"lazy\" role=\"img\"\/><\/figure><\/div>\n\n\n\n<div class=\"wp-block-uagb-advanced-heading uagb-block-82ccb4ec\"><h3 class=\"uagb-heading-text\">Zaj\u0119cia dla amator\u00f3w<\/h3><p class=\"uagb-desc-text\">Oferujemy zaj\u0119cia dla amator\u00f3w, kt\u00f3re pomagaj\u0105 w odkrywaniu talent\u00f3w aktorskich i budowaniu pewno\u015bci siebie na scenie.<\/p><\/div>\n\n\n\n<div class=\"wp-block-uagb-image uagb-block-a9488480 wp-block-uagb-image--layout-default wp-block-uagb-image--effect-static wp-block-uagb-image--align-none\"><figure class=\"wp-block-uagb-image__figure\"><img decoding=\"async\" srcset=\"https:\/\/camo.whshost.com\/wordpress\/wp-content\/uploads\/2024\/10\/pexels-photo-5135110.jpeg ,https:\/\/camo.whshost.com\/wordpress\/wp-content\/uploads\/2024\/10\/pexels-photo-5135110.jpeg 780w, https:\/\/camo.whshost.com\/wordpress\/wp-content\/uploads\/2024\/10\/pexels-photo-5135110.jpeg 360w\" sizes=\"auto, (max-width: 480px) 150px\" src=\"https:\/\/camo.whshost.com\/wordpress\/wp-content\/uploads\/2024\/10\/pexels-photo-5135110.jpeg\" alt=\"\" class=\"uag-image-17\" width=\"374\" height=\"240\" title=\"service-05\" loading=\"lazy\" role=\"img\"\/><\/figure><\/div>\n\n\n\n<div class=\"wp-block-uagb-advanced-heading uagb-block-99ee72fd\"><h3 class=\"uagb-heading-text\">Spotkania teatralne<\/h3><p class=\"uagb-desc-text\">Regularne spotkania w O\u015brodku Kultury w Sarnowie sprzyjaj\u0105 budowaniu spo\u0142eczno\u015bci teatralnej i wymianie do\u015bwiadcze\u0144 w przyjaznej atmosferze.<\/p><\/div>\n<\/div>\n\n\n\n<div class=\"wp-block-uagb-container uagb-block-bd043692\">\n<div class=\"wp-block-uagb-image uagb-block-1f2d652d wp-block-uagb-image--layout-default wp-block-uagb-image--effect-static wp-block-uagb-image--align-none\"><figure class=\"wp-block-uagb-image__figure\"><img decoding=\"async\" srcset=\"https:\/\/camo.whshost.com\/wordpress\/wp-content\/uploads\/2024\/10\/pexels-photo-3753820.jpeg ,https:\/\/camo.whshost.com\/wordpress\/wp-content\/uploads\/2024\/10\/pexels-photo-3753820.jpeg 780w, https:\/\/camo.whshost.com\/wordpress\/wp-content\/uploads\/2024\/10\/pexels-photo-3753820.jpeg 360w\" sizes=\"auto, (max-width: 480px) 150px\" src=\"https:\/\/camo.whshost.com\/wordpress\/wp-content\/uploads\/2024\/10\/pexels-photo-3753820.jpeg\" alt=\"\" class=\"uag-image-18\" width=\"374\" height=\"240\" title=\"service-03\" loading=\"lazy\" role=\"img\"\/><\/figure><\/div>\n\n\n\n<div class=\"wp-block-uagb-advanced-heading uagb-block-e88de9a1\"><h3 class=\"uagb-heading-text\"><s>Kursy kreatywnego pisania<\/s><\/h3><p class=\"uagb-desc-text\"><s>Nasze kursy ucz\u0105, jak pisa\u0107 scenariusze i teksty teatralne, rozwijaj\u0105c kreatywno\u015b\u0107 uczestnik\u00f3w.<\/s><\/p><\/div>\n\n\n\n<div class=\"wp-block-uagb-image uagb-block-bf855cb6 wp-block-uagb-image--layout-default wp-block-uagb-image--effect-static wp-block-uagb-image--align-none\"><figure class=\"wp-block-uagb-image__figure\"><img decoding=\"async\" srcset=\"https:\/\/camo.whshost.com\/wordpress\/wp-content\/uploads\/2024\/10\/pexels-photo-5135102.jpeg ,https:\/\/camo.whshost.com\/wordpress\/wp-content\/uploads\/2024\/10\/pexels-photo-5135102.jpeg 780w, https:\/\/camo.whshost.com\/wordpress\/wp-content\/uploads\/2024\/10\/pexels-photo-5135102.jpeg 360w\" sizes=\"auto, (max-width: 480px) 150px\" src=\"https:\/\/camo.whshost.com\/wordpress\/wp-content\/uploads\/2024\/10\/pexels-photo-5135102.jpeg\" alt=\"\" class=\"uag-image-19\" width=\"374\" height=\"420\" title=\"service-06\" loading=\"lazy\" role=\"img\"\/><\/figure><\/div>\n\n\n\n<div class=\"wp-block-uagb-advanced-heading uagb-block-c1a85385\"><h3 class=\"uagb-heading-text\"><s>Wydarzenia kulturalne<\/s><\/h3><p class=\"uagb-desc-text\"><s>Organizujemy<\/s> r<s>\u00f3\u017cnorodne wydarzenia, kt\u00f3re promuj\u0105 kultur\u0119 lokaln\u0105 i anga\u017cuj\u0105 spo\u0142eczno\u015b\u0107 w dzia\u0142ania artystyczne.<\/s><\/p><\/div>\n<\/div>\n<\/div>\n<\/div><\/div>\n\n\n\n<p><\/p>\n","protected":false},"excerpt":{"rendered":"<p>Teatr dla Pasjonat\u00f3w &#8211; Amator\u00f3w Oferujemy r\u00f3\u017cnorodne us\u0142ugi teatralne dla ka\u017cdego Nasza historia Teatr Miraculum powsta\u0142 w pa\u017adzierniku 2023r. z [&hellip;]<\/p>\n","protected":false},"author":1,"featured_media":0,"parent":0,"menu_order":0,"comment_status":"closed","ping_status":"closed","template":"","meta":{"_uag_custom_page_level_css":"","site-sidebar-layout":"default","site-content-layout":"","ast-site-content-layout":"default","site-content-style":"default","site-sidebar-style":"default","ast-global-header-display":"","ast-banner-title-visibility":"","ast-main-header-display":"","ast-hfb-above-header-display":"","ast-hfb-below-header-display":"","ast-hfb-mobile-header-display":"","site-post-title":"disabled","ast-breadcrumbs-content":"","ast-featured-img":"","footer-sml-layout":"","ast-disable-related-posts":"","theme-transparent-header-meta":"","adv-header-id-meta":"","stick-header-meta":"","header-above-stick-meta":"","header-main-stick-meta":"","header-below-stick-meta":"","astra-migrate-meta-layouts":"default","ast-page-background-enabled":"default","ast-page-background-meta":{"desktop":{"background-color":"var(--ast-global-color-5)","background-image":"","background-repeat":"repeat","background-position":"center center","background-size":"auto","background-attachment":"scroll","background-type":"","background-media":"","overlay-type":"","overlay-color":"","overlay-opacity":"","overlay-gradient":""},"tablet":{"background-color":"","background-image":"","background-repeat":"repeat","background-position":"center center","background-size":"auto","background-attachment":"scroll","background-type":"","background-media":"","overlay-type":"","overlay-color":"","overlay-opacity":"","overlay-gradient":""},"mobile":{"background-color":"","background-image":"","background-repeat":"repeat","background-position":"center center","background-size":"auto","background-attachment":"scroll","background-type":"","background-media":"","overlay-type":"","overlay-color":"","overlay-opacity":"","overlay-gradient":""}},"ast-content-background-meta":{"desktop":{"background-color":"var(--ast-global-color-4)","background-image":"","background-repeat":"repeat","background-position":"center center","background-size":"auto","background-attachment":"scroll","background-type":"","background-media":"","overlay-type":"","overlay-color":"","overlay-opacity":"","overlay-gradient":""},"tablet":{"background-color":"var(--ast-global-color-4)","background-image":"","background-repeat":"repeat","background-position":"center center","background-size":"auto","background-attachment":"scroll","background-type":"","background-media":"","overlay-type":"","overlay-color":"","overlay-opacity":"","overlay-gradient":""},"mobile":{"background-color":"var(--ast-global-color-4)","background-image":"","background-repeat":"repeat","background-position":"center center","background-size":"auto","background-attachment":"scroll","background-type":"","background-media":"","overlay-type":"","overlay-color":"","overlay-opacity":"","overlay-gradient":""}},"footnotes":""},"class_list":["post-261","page","type-page","status-publish","hentry"],"uagb_featured_image_src":{"full":false,"thumbnail":false,"medium":false,"medium_large":false,"large":false,"1536x1536":false,"2048x2048":false},"uagb_author_info":{"display_name":"admin","author_link":"https:\/\/camo.whshost.com\/wordpress\/author\/admin_6fh2zen0\/"},"uagb_comment_info":0,"uagb_excerpt":"Teatr dla Pasjonat\u00f3w &#8211; Amator\u00f3w Oferujemy r\u00f3\u017cnorodne us\u0142ugi teatralne dla ka\u017cdego Nasza historia Teatr Miraculum powsta\u0142 w pa\u017adzierniku 2023r. z [&hellip;]","_links":{"self":[{"href":"https:\/\/camo.whshost.com\/wordpress\/wp-json\/wp\/v2\/pages\/261","targetHints":{"allow":["GET"]}}],"collection":[{"href":"https:\/\/camo.whshost.com\/wordpress\/wp-json\/wp\/v2\/pages"}],"about":[{"href":"https:\/\/camo.whshost.com\/wordpress\/wp-json\/wp\/v2\/types\/page"}],"author":[{"embeddable":true,"href":"https:\/\/camo.whshost.com\/wordpress\/wp-json\/wp\/v2\/users\/1"}],"replies":[{"embeddable":true,"href":"https:\/\/camo.whshost.com\/wordpress\/wp-json\/wp\/v2\/comments?post=261"}],"version-history":[{"count":14,"href":"https:\/\/camo.whshost.com\/wordpress\/wp-json\/wp\/v2\/pages\/261\/revisions"}],"predecessor-version":[{"id":450,"href":"https:\/\/camo.whshost.com\/wordpress\/wp-json\/wp\/v2\/pages\/261\/revisions\/450"}],"wp:attachment":[{"href":"https:\/\/camo.whshost.com\/wordpress\/wp-json\/wp\/v2\/media?parent=261"}],"curies":[{"name":"wp","href":"https:\/\/api.w.org\/{rel}","templated":true}]}}