{"id":260,"date":"2024-10-12T18:07:47","date_gmt":"2024-10-12T18:07:47","guid":{"rendered":"https:\/\/camo.whshost.com\/wordpress\/index.php\/about\/"},"modified":"2024-11-05T15:59:23","modified_gmt":"2024-11-05T15:59:23","slug":"about","status":"publish","type":"page","link":"https:\/\/camo.whshost.com\/wordpress\/about\/","title":{"rendered":"About"},"content":{"rendered":"\n<div class=\"wp-block-uagb-container uagb-block-8ecd5811 alignfull uagb-is-root-container\"><div class=\"uagb-container-inner-blocks-wrap\">\n<div class=\"wp-block-uagb-advanced-heading uagb-block-13f2e88a\"><h1 class=\"uagb-heading-text\">Odkryj magi\u0119 teatru z Miraculum<\/h1><\/div>\n<\/div><\/div>\n\n\n\n<div class=\"wp-block-uagb-container uagb-layout-flex uagb-block-f3521c56 alignfull uagb-is-root-container\"><div class=\"uagb-container-inner-blocks-wrap\">\n<div class=\"wp-block-uagb-info-box uagb-block-a0259082 uagb-infobox__content-wrap  uagb-infobox-icon-above-title uagb-infobox-image-valign-top\"><div class=\"uagb-ifb-content\"><div class=\"uagb-ifb-title-wrap\"><p class=\"uagb-ifb-title-prefix\">O nas<\/p><h2 class=\"uagb-ifb-title\">Nasza grupa<\/h2><\/div><p class=\"uagb-ifb-desc\">Miraculum rozwija umiej\u0119tno\u015bci aktorskie doros\u0142ych i m\u0142odzie\u017cy, inspiruj\u0105c ich do tw\u00f3rczo\u015bci scenicznej. Nasze warsztaty i przedstawienia anga\u017cuj\u0105 spo\u0142eczno\u015b\u0107 lokaln\u0105, tworz\u0105c niezapomniane do\u015bwiadczenia artystyczne.<br><br>Jako teatr amatorski, Miraculum \u0142\u0105czy pasjonat\u00f3w sztuki, rozwijaj\u0105c swoje umiej\u0119tno\u015bci aktorskie, kreatywno\u015b\u0107 i samo\u015bwiadomo\u015b\u0107.<\/p><\/div><\/div>\n\n\n\n<div class=\"wp-block-uagb-image uagb-block-c2dd9409 wp-block-uagb-image--layout-default wp-block-uagb-image--effect-static wp-block-uagb-image--align-none\"><figure class=\"wp-block-uagb-image__figure\"><img decoding=\"async\" srcset=\"https:\/\/camo.whshost.com\/wordpress\/wp-content\/uploads\/2024\/10\/pexels-photo-6899775.jpeg ,https:\/\/camo.whshost.com\/wordpress\/wp-content\/uploads\/2024\/10\/pexels-photo-6899775.jpeg 780w, https:\/\/camo.whshost.com\/wordpress\/wp-content\/uploads\/2024\/10\/pexels-photo-6899775.jpeg 360w\" sizes=\"auto, (max-width: 480px) 150px\" src=\"https:\/\/camo.whshost.com\/wordpress\/wp-content\/uploads\/2024\/10\/pexels-photo-6899775.jpeg\" alt=\"\" class=\"uag-image-21\" width=\"550\" height=\"450\" title=\"who-we-are\" loading=\"lazy\" role=\"img\"\/><\/figure><\/div>\n<\/div><\/div>\n\n\n\n<div class=\"wp-block-uagb-container uagb-block-f098d2f3 alignfull uagb-is-root-container\"><div class=\"uagb-container-inner-blocks-wrap\">\n<div class=\"wp-block-uagb-container uagb-layout-flex uagb-block-96f740f5\">\n<div class=\"wp-block-uagb-image aligncenter uagb-block-7a09fb3e wp-block-uagb-image--layout-default wp-block-uagb-image--effect-static wp-block-uagb-image--align-center\"><figure class=\"wp-block-uagb-image__figure\"><img decoding=\"async\" srcset=\"https:\/\/camo.whshost.com\/wordpress\/wp-content\/uploads\/2024\/05\/testimonial-skip-01.png ,https:\/\/camo.whshost.com\/wordpress\/wp-content\/uploads\/2024\/05\/testimonial-skip-01.png 780w, https:\/\/camo.whshost.com\/wordpress\/wp-content\/uploads\/2024\/05\/testimonial-skip-01.png 360w\" sizes=\"auto, (max-width: 480px) 150px\" src=\"https:\/\/camo.whshost.com\/wordpress\/wp-content\/uploads\/2024\/05\/testimonial-skip-01.png\" alt=\"\" class=\"uag-image-46\" width=\"64\" height=\"64\" title=\"testimonial-skip-01\" loading=\"lazy\" role=\"img\"\/><\/figure><\/div>\n\n\n\n<div class=\"wp-block-uagb-image aligncenter uagb-block-8dea60fe wp-block-uagb-image--layout-default wp-block-uagb-image--effect-static wp-block-uagb-image--align-center\"><figure class=\"wp-block-uagb-image__figure\"><img decoding=\"async\" srcset=\"https:\/\/camo.whshost.com\/wordpress\/wp-content\/uploads\/2024\/05\/testimonial-skip-03.png ,https:\/\/camo.whshost.com\/wordpress\/wp-content\/uploads\/2024\/05\/testimonial-skip-03.png 780w, https:\/\/camo.whshost.com\/wordpress\/wp-content\/uploads\/2024\/05\/testimonial-skip-03.png 360w\" sizes=\"auto, (max-width: 480px) 150px\" src=\"https:\/\/camo.whshost.com\/wordpress\/wp-content\/uploads\/2024\/05\/testimonial-skip-03.png\" alt=\"\" class=\"uag-image-48\" width=\"64\" height=\"64\" title=\"testimonial-skip-03\" loading=\"lazy\" role=\"img\"\/><\/figure><\/div>\n\n\n\n<div class=\"wp-block-uagb-image aligncenter uagb-block-2ae728fd wp-block-uagb-image--layout-default wp-block-uagb-image--effect-static wp-block-uagb-image--align-center\"><figure class=\"wp-block-uagb-image__figure\"><img decoding=\"async\" srcset=\"https:\/\/camo.whshost.com\/wordpress\/wp-content\/uploads\/2024\/05\/testimonial-skip-02.png ,https:\/\/camo.whshost.com\/wordpress\/wp-content\/uploads\/2024\/05\/testimonial-skip-02.png 780w, https:\/\/camo.whshost.com\/wordpress\/wp-content\/uploads\/2024\/05\/testimonial-skip-02.png 360w\" sizes=\"auto, (max-width: 480px) 150px\" src=\"https:\/\/camo.whshost.com\/wordpress\/wp-content\/uploads\/2024\/05\/testimonial-skip-02.png\" alt=\"\" class=\"uag-image-47\" width=\"64\" height=\"64\" title=\"testimonial-skip-02\" loading=\"lazy\" role=\"img\"\/><\/figure><\/div>\n\n\n\n<div class=\"wp-block-uagb-image aligncenter uagb-block-e7ffd206 wp-block-uagb-image--layout-default wp-block-uagb-image--effect-static wp-block-uagb-image--align-center\"><figure class=\"wp-block-uagb-image__figure\"><img decoding=\"async\" srcset=\"https:\/\/camo.whshost.com\/wordpress\/wp-content\/uploads\/2024\/05\/testimonial-skip-04.png ,https:\/\/camo.whshost.com\/wordpress\/wp-content\/uploads\/2024\/05\/testimonial-skip-04.png 780w, https:\/\/camo.whshost.com\/wordpress\/wp-content\/uploads\/2024\/05\/testimonial-skip-04.png 360w\" sizes=\"auto, (max-width: 480px) 150px\" src=\"https:\/\/camo.whshost.com\/wordpress\/wp-content\/uploads\/2024\/05\/testimonial-skip-04.png\" alt=\"\" class=\"uag-image-49\" width=\"64\" height=\"64\" title=\"testimonial-skip-04\" loading=\"lazy\" role=\"img\"\/><\/figure><\/div>\n<\/div>\n\n\n\n<div class=\"wp-block-uagb-info-box uagb-block-d4cab7e8 uagb-infobox__content-wrap  uagb-infobox-icon-above-title uagb-infobox-image-valign-top\"><div class=\"uagb-ifb-content\"><div class=\"uagb-ifb-title-wrap\"><h3 class=\"uagb-ifb-title\">Do\u0142\u0105cz do nas i rozwijaj swoje aktorskie pasje!<\/h3><\/div><div class=\"uagb-ifb-button-wrapper wp-block-button\"><a href=\"contact\/\" class=\"uagb-infobox-cta-link wp-block-button__link\" target=\"_self\" rel=\"noopener noreferrer\" onclick=\"return true;\"><span class=\"uagb-inline-editing\">Do\u0142\u0105cz do nas<\/span><\/a><\/div><\/div><\/div>\n<\/div><\/div>\n\n\n\n<div class=\"wp-block-uagb-container uagb-layout-grid uagb-block-5997773b alignfull uagb-is-root-container\"><div class=\"uagb-container-inner-blocks-wrap\">\n<div class=\"wp-block-uagb-advanced-heading uagb-block-50fe1be9\"><p class=\"uagb-desc-text\">Nasza misja i wizja<\/p><h2 class=\"uagb-heading-text\">Tworzymy przestrze\u0144 dla artystycznej ekspresji<\/h2><\/div>\n\n\n\n<div class=\"wp-block-uagb-image uagb-block-e8b3d882 wp-block-uagb-image--layout-default wp-block-uagb-image--effect-static wp-block-uagb-image--align-none\"><figure class=\"wp-block-uagb-image__figure\"><img decoding=\"async\" srcset=\"https:\/\/camo.whshost.com\/wordpress\/wp-content\/uploads\/2024\/10\/pexels-photo-9665491.jpeg ,https:\/\/camo.whshost.com\/wordpress\/wp-content\/uploads\/2024\/10\/pexels-photo-9665491.jpeg 780w, https:\/\/camo.whshost.com\/wordpress\/wp-content\/uploads\/2024\/10\/pexels-photo-9665491.jpeg 360w\" sizes=\"auto, (max-width: 480px) 150px\" src=\"https:\/\/camo.whshost.com\/wordpress\/wp-content\/uploads\/2024\/10\/pexels-photo-9665491.jpeg\" alt=\"\" class=\"uag-image-22\" width=\"560\" height=\"300\" title=\"our-mission\" loading=\"lazy\" role=\"img\"\/><\/figure><\/div>\n\n\n\n<div class=\"wp-block-uagb-advanced-heading uagb-block-99ee72fd\"><h3 class=\"uagb-heading-text\">Nasza misja<\/h3><p class=\"uagb-desc-text\">Miraculum ma na celu rozwijanie kreatywno\u015bci poprzez sztuk\u0119 teatraln\u0105, integracj\u0119 spo\u0142eczno\u015bci oraz oferowanie wsparcia dla os\u00f3b pragn\u0105cych rozwija\u0107 swoje umiej\u0119tno\u015bci aktorskie.<\/p><\/div>\n\n\n\n<div class=\"wp-block-uagb-advanced-heading uagb-block-c696cfb9\"><h3 class=\"uagb-heading-text\">Nasza wizja<\/h3><p class=\"uagb-desc-text\">Chcemy sta\u0107 si\u0119 wiod\u0105c\u0105 grup\u0105 teatraln\u0105 w regionie, promuj\u0105c r\u00f3\u017cnorodno\u015b\u0107 artystyczn\u0105 oraz buduj\u0105c silne wi\u0119zi w naszej lokalnej spo\u0142eczno\u015bci.<\/p><\/div>\n<\/div><\/div>\n","protected":false},"excerpt":{"rendered":"<p>Odkryj magi\u0119 teatru z Miraculum Nasza misja i wizja Tworzymy przestrze\u0144 dla artystycznej ekspresji Nasza misja Miraculum ma na celu [&hellip;]<\/p>\n","protected":false},"author":1,"featured_media":0,"parent":0,"menu_order":0,"comment_status":"closed","ping_status":"closed","template":"","meta":{"_uag_custom_page_level_css":"","site-sidebar-layout":"default","site-content-layout":"","ast-site-content-layout":"default","site-content-style":"default","site-sidebar-style":"default","ast-global-header-display":"","ast-banner-title-visibility":"","ast-main-header-display":"","ast-hfb-above-header-display":"","ast-hfb-below-header-display":"","ast-hfb-mobile-header-display":"","site-post-title":"disabled","ast-breadcrumbs-content":"","ast-featured-img":"","footer-sml-layout":"","ast-disable-related-posts":"","theme-transparent-header-meta":"","adv-header-id-meta":"","stick-header-meta":"","header-above-stick-meta":"","header-main-stick-meta":"","header-below-stick-meta":"","astra-migrate-meta-layouts":"default","ast-page-background-enabled":"default","ast-page-background-meta":{"desktop":{"background-color":"var(--ast-global-color-5)","background-image":"","background-repeat":"repeat","background-position":"center center","background-size":"auto","background-attachment":"scroll","background-type":"","background-media":"","overlay-type":"","overlay-color":"","overlay-opacity":"","overlay-gradient":""},"tablet":{"background-color":"","background-image":"","background-repeat":"repeat","background-position":"center center","background-size":"auto","background-attachment":"scroll","background-type":"","background-media":"","overlay-type":"","overlay-color":"","overlay-opacity":"","overlay-gradient":""},"mobile":{"background-color":"","background-image":"","background-repeat":"repeat","background-position":"center center","background-size":"auto","background-attachment":"scroll","background-type":"","background-media":"","overlay-type":"","overlay-color":"","overlay-opacity":"","overlay-gradient":""}},"ast-content-background-meta":{"desktop":{"background-color":"var(--ast-global-color-4)","background-image":"","background-repeat":"repeat","background-position":"center center","background-size":"auto","background-attachment":"scroll","background-type":"","background-media":"","overlay-type":"","overlay-color":"","overlay-opacity":"","overlay-gradient":""},"tablet":{"background-color":"var(--ast-global-color-4)","background-image":"","background-repeat":"repeat","background-position":"center center","background-size":"auto","background-attachment":"scroll","background-type":"","background-media":"","overlay-type":"","overlay-color":"","overlay-opacity":"","overlay-gradient":""},"mobile":{"background-color":"var(--ast-global-color-4)","background-image":"","background-repeat":"repeat","background-position":"center center","background-size":"auto","background-attachment":"scroll","background-type":"","background-media":"","overlay-type":"","overlay-color":"","overlay-opacity":"","overlay-gradient":""}},"footnotes":""},"class_list":["post-260","page","type-page","status-publish","hentry"],"uagb_featured_image_src":{"full":false,"thumbnail":false,"medium":false,"medium_large":false,"large":false,"1536x1536":false,"2048x2048":false},"uagb_author_info":{"display_name":"admin","author_link":"https:\/\/camo.whshost.com\/wordpress\/author\/admin_6fh2zen0\/"},"uagb_comment_info":0,"uagb_excerpt":"Odkryj magi\u0119 teatru z Miraculum Nasza misja i wizja Tworzymy przestrze\u0144 dla artystycznej ekspresji Nasza misja Miraculum ma na celu [&hellip;]","_links":{"self":[{"href":"https:\/\/camo.whshost.com\/wordpress\/wp-json\/wp\/v2\/pages\/260","targetHints":{"allow":["GET"]}}],"collection":[{"href":"https:\/\/camo.whshost.com\/wordpress\/wp-json\/wp\/v2\/pages"}],"about":[{"href":"https:\/\/camo.whshost.com\/wordpress\/wp-json\/wp\/v2\/types\/page"}],"author":[{"embeddable":true,"href":"https:\/\/camo.whshost.com\/wordpress\/wp-json\/wp\/v2\/users\/1"}],"replies":[{"embeddable":true,"href":"https:\/\/camo.whshost.com\/wordpress\/wp-json\/wp\/v2\/comments?post=260"}],"version-history":[{"count":3,"href":"https:\/\/camo.whshost.com\/wordpress\/wp-json\/wp\/v2\/pages\/260\/revisions"}],"predecessor-version":[{"id":433,"href":"https:\/\/camo.whshost.com\/wordpress\/wp-json\/wp\/v2\/pages\/260\/revisions\/433"}],"wp:attachment":[{"href":"https:\/\/camo.whshost.com\/wordpress\/wp-json\/wp\/v2\/media?parent=260"}],"curies":[{"name":"wp","href":"https:\/\/api.w.org\/{rel}","templated":true}]}}